{"id":35371,"date":"2020-05-21T04:11:34","date_gmt":"2020-05-21T04:11:34","guid":{"rendered":"http:\/\/kalkanvilla.de\/?page_id=35371"},"modified":"2020-06-12T18:45:33","modified_gmt":"2020-06-12T18:45:33","slug":"about-us","status":"publish","type":"page","link":"https:\/\/kalkanvilla.de\/de\/about-us\/","title":{"rendered":"\u00dcber Uns"},"content":{"rendered":"<div data-elementor-type=\"wp-page\" data-elementor-id=\"35371\" class=\"elementor elementor-35371\">\n\t\t\t\t\t\t\t\t\t<section class=\"elementor-section elementor-top-section elementor-element elementor-element-3bde548 elementor-section-boxed elementor-section-height-default elementor-section-height-default\" data-id=\"3bde548\" data-element_type=\"section\">\n\t\t\t\t\t\t<div class=\"elementor-container elementor-column-gap-default\">\n\t\t\t\t\t<div class=\"elementor-column elementor-col-100 elementor-top-column elementor-element elementor-element-8f57978\" data-id=\"8f57978\" data-element_type=\"column\">\n\t\t\t<div class=\"elementor-widget-wrap elementor-element-populated\">\n\t\t\t\t\t\t\t\t<div class=\"elementor-element elementor-element-d4432d5 elementor-widget elementor-widget-text-editor\" data-id=\"d4432d5\" data-element_type=\"widget\" data-widget_type=\"text-editor.default\">\n\t\t\t\t<div class=\"elementor-widget-container\">\n\t\t\t\t\t\t\t<strong>KalkanVilla<\/strong>\u00a0bietet seinen Kunden einen umfassenden und professionellen Service. Wir sind ein junges Unternehmen mit einem erfahrenen Team.\n<br><br>\nUnser Anspruch und unser Ziel ist es Ihre Urlaubsqualit\u00e4t zu maximieren, damit Sie einen unvergesslichen Urlaub in der T\u00fcrkei erleben k\u00f6nnen.<br><br>\n<h2>Company Info<\/h2>\n<strong>Name:<\/strong>\u00a0Baris Yilmaz\n<strong>Adresse:\u00a0<\/strong>Kalkan Mahallesi. Yayla Cad. No: 8 Ka\u015f\/\u00a0Antalya\n<strong>Steuer ID:<\/strong>\u00a0: 9670427518\t\t\t\t\t\t<\/div>\n\t\t\t\t<\/div>\n\t\t\t\t\t<\/div>\n\t\t<\/div>\n\t\t\t\t\t\t\t<\/div>\n\t\t<\/section>\n\t\t\t\t<section class=\"elementor-section elementor-top-section elementor-element elementor-element-d34566c elementor-section-boxed elementor-section-height-default elementor-section-height-default\" data-id=\"d34566c\" data-element_type=\"section\">\n\t\t\t\t\t\t<div class=\"elementor-container elementor-column-gap-default\">\n\t\t\t\t\t<div class=\"elementor-column elementor-col-100 elementor-top-column elementor-element elementor-element-d94edc8\" data-id=\"d94edc8\" data-element_type=\"column\">\n\t\t\t<div class=\"elementor-widget-wrap elementor-element-populated\">\n\t\t\t\t\t\t\t\t<div class=\"elementor-element elementor-element-6899835 elementor-widget elementor-widget-image-gallery\" data-id=\"6899835\" data-element_type=\"widget\" data-widget_type=\"image-gallery.default\">\n\t\t\t\t<div class=\"elementor-widget-container\">\n\t\t\t\t\t<div class=\"elementor-image-gallery\">\n\t\t\t\n\t\t<style type=\"text\/css\">\n\t\t\t#gallery-1 {\n\t\t\t\tmargin: auto;\n\t\t\t}\n\t\t\t#gallery-1 .gallery-item {\n\t\t\t\tfloat: left;\n\t\t\t\tmargin-top: 10px;\n\t\t\t\ttext-align: center;\n\t\t\t\twidth: 33%;\n\t\t\t}\n\t\t\t#gallery-1 img {\n\t\t\t\tborder: 2px solid #cfcfcf;\n\t\t\t}\n\t\t\t#gallery-1 .gallery-caption {\n\t\t\t\tmargin-left: 0;\n\t\t\t}\n\t\t\t\/* see gallery_shortcode() in wp-includes\/media.php *\/\n\t\t<\/style>\n\t\t<div id='gallery-1' class='gallery galleryid-35371 gallery-columns-3 gallery-size-wpestate_property_listings'><dl class='gallery-item'>\n\t\t\t<dt class='gallery-icon landscape'>\n\t\t\t\t<a data-elementor-open-lightbox=\"yes\" data-elementor-lightbox-slideshow=\"6899835\" data-elementor-lightbox-title=\"kalkanvilla-about-1\" data-e-action-hash=\"#elementor-action%3Aaction%3Dlightbox%26settings%3DeyJpZCI6MzUzNzQsInVybCI6Imh0dHBzOlwvXC9rYWxrYW52aWxsYS5kZVwvd3AtY29udGVudFwvdXBsb2Fkc1wva2Fsa2FudmlsbGEtYWJvdXQtMS5qcGciLCJzbGlkZXNob3ciOiI2ODk5ODM1In0%3D\" href='https:\/\/kalkanvilla.de\/wp-content\/uploads\/kalkanvilla-about-1.jpg'><img width=\"400\" height=\"314\" src=\"https:\/\/kalkanvilla.de\/wp-content\/uploads\/kalkanvilla-about-1-400x314.jpg\" class=\"attachment-wpestate_property_listings size-wpestate_property_listings\" alt=\"\" decoding=\"async\" loading=\"lazy\" \/><\/a>\n\t\t\t<\/dt><\/dl><dl class='gallery-item'>\n\t\t\t<dt class='gallery-icon landscape'>\n\t\t\t\t<a data-elementor-open-lightbox=\"yes\" data-elementor-lightbox-slideshow=\"6899835\" data-elementor-lightbox-title=\"kalkanvilla-about-2\" data-e-action-hash=\"#elementor-action%3Aaction%3Dlightbox%26settings%3DeyJpZCI6MzUzNzUsInVybCI6Imh0dHBzOlwvXC9rYWxrYW52aWxsYS5kZVwvd3AtY29udGVudFwvdXBsb2Fkc1wva2Fsa2FudmlsbGEtYWJvdXQtMi5qcGciLCJzbGlkZXNob3ciOiI2ODk5ODM1In0%3D\" href='https:\/\/kalkanvilla.de\/wp-content\/uploads\/kalkanvilla-about-2.jpg'><img width=\"400\" height=\"314\" src=\"https:\/\/kalkanvilla.de\/wp-content\/uploads\/kalkanvilla-about-2-400x314.jpg\" class=\"attachment-wpestate_property_listings size-wpestate_property_listings\" alt=\"\" decoding=\"async\" loading=\"lazy\" \/><\/a>\n\t\t\t<\/dt><\/dl><dl class='gallery-item'>\n\t\t\t<dt class='gallery-icon landscape'>\n\t\t\t\t<a data-elementor-open-lightbox=\"yes\" data-elementor-lightbox-slideshow=\"6899835\" data-elementor-lightbox-title=\"kalkanvilla-about-3\" data-e-action-hash=\"#elementor-action%3Aaction%3Dlightbox%26settings%3DeyJpZCI6MzUzNzYsInVybCI6Imh0dHBzOlwvXC9rYWxrYW52aWxsYS5kZVwvd3AtY29udGVudFwvdXBsb2Fkc1wva2Fsa2FudmlsbGEtYWJvdXQtMy5qcGciLCJzbGlkZXNob3ciOiI2ODk5ODM1In0%3D\" href='https:\/\/kalkanvilla.de\/wp-content\/uploads\/kalkanvilla-about-3.jpg'><img width=\"400\" height=\"314\" src=\"https:\/\/kalkanvilla.de\/wp-content\/uploads\/kalkanvilla-about-3-400x314.jpg\" class=\"attachment-wpestate_property_listings size-wpestate_property_listings\" alt=\"\" decoding=\"async\" loading=\"lazy\" \/><\/a>\n\t\t\t<\/dt><\/dl><br style=\"clear: both\" \/><dl class='gallery-item'>\n\t\t\t<dt class='gallery-icon landscape'>\n\t\t\t\t<a data-elementor-open-lightbox=\"yes\" data-elementor-lightbox-slideshow=\"6899835\" data-elementor-lightbox-title=\"kalkanvilla-about-4\" data-e-action-hash=\"#elementor-action%3Aaction%3Dlightbox%26settings%3DeyJpZCI6MzUzNzcsInVybCI6Imh0dHBzOlwvXC9rYWxrYW52aWxsYS5kZVwvd3AtY29udGVudFwvdXBsb2Fkc1wva2Fsa2FudmlsbGEtYWJvdXQtNC5qcGciLCJzbGlkZXNob3ciOiI2ODk5ODM1In0%3D\" href='https:\/\/kalkanvilla.de\/wp-content\/uploads\/kalkanvilla-about-4.jpg'><img width=\"400\" height=\"314\" src=\"https:\/\/kalkanvilla.de\/wp-content\/uploads\/kalkanvilla-about-4-400x314.jpg\" class=\"attachment-wpestate_property_listings size-wpestate_property_listings\" alt=\"\" decoding=\"async\" loading=\"lazy\" \/><\/a>\n\t\t\t<\/dt><\/dl><dl class='gallery-item'>\n\t\t\t<dt class='gallery-icon landscape'>\n\t\t\t\t<a data-elementor-open-lightbox=\"yes\" data-elementor-lightbox-slideshow=\"6899835\" data-elementor-lightbox-title=\"kalkanvilla-about-5\" data-e-action-hash=\"#elementor-action%3Aaction%3Dlightbox%26settings%3DeyJpZCI6MzUzNzgsInVybCI6Imh0dHBzOlwvXC9rYWxrYW52aWxsYS5kZVwvd3AtY29udGVudFwvdXBsb2Fkc1wva2Fsa2FudmlsbGEtYWJvdXQtNS5qcGciLCJzbGlkZXNob3ciOiI2ODk5ODM1In0%3D\" href='https:\/\/kalkanvilla.de\/wp-content\/uploads\/kalkanvilla-about-5.jpg'><img width=\"400\" height=\"314\" src=\"https:\/\/kalkanvilla.de\/wp-content\/uploads\/kalkanvilla-about-5-400x314.jpg\" class=\"attachment-wpestate_property_listings size-wpestate_property_listings\" alt=\"\" decoding=\"async\" loading=\"lazy\" \/><\/a>\n\t\t\t<\/dt><\/dl><dl class='gallery-item'>\n\t\t\t<dt class='gallery-icon landscape'>\n\t\t\t\t<a data-elementor-open-lightbox=\"yes\" data-elementor-lightbox-slideshow=\"6899835\" data-elementor-lightbox-title=\"kalkanvilla-about-6\" data-e-action-hash=\"#elementor-action%3Aaction%3Dlightbox%26settings%3DeyJpZCI6MzUzNzksInVybCI6Imh0dHBzOlwvXC9rYWxrYW52aWxsYS5kZVwvd3AtY29udGVudFwvdXBsb2Fkc1wva2Fsa2FudmlsbGEtYWJvdXQtNi5qcGciLCJzbGlkZXNob3ciOiI2ODk5ODM1In0%3D\" href='https:\/\/kalkanvilla.de\/wp-content\/uploads\/kalkanvilla-about-6.jpg'><img width=\"400\" height=\"314\" src=\"https:\/\/kalkanvilla.de\/wp-content\/uploads\/kalkanvilla-about-6-400x314.jpg\" class=\"attachment-wpestate_property_listings size-wpestate_property_listings\" alt=\"\" decoding=\"async\" loading=\"lazy\" \/><\/a>\n\t\t\t<\/dt><\/dl><br style=\"clear: both\" \/>\n\t\t<\/div>\n\t\t<\/div>\n\t\t\t\t<\/div>\n\t\t\t\t<\/div>\n\t\t\t\t\t<\/div>\n\t\t<\/div>\n\t\t\t\t\t\t\t<\/div>\n\t\t<\/section>\n\t\t\t\t\t\t\t<\/div>","protected":false},"excerpt":{"rendered":"<p>KalkanVilla\u00a0gives total legal and professional service to clients with the experience that KalkanVilla has since 2016 and customer satisfaction based service understanding our goal is to help you to increase your holiday life quality. For you to have an amazing holiday experience in Turkey, KalkanVilla helps you in every stage of your holiday process with &#8230;<\/p>","protected":false},"author":1,"featured_media":0,"parent":0,"menu_order":0,"comment_status":"closed","ping_status":"closed","template":"","meta":{"inline_featured_image":false,"footnotes":""},"acf":[],"_links":{"self":[{"href":"https:\/\/kalkanvilla.de\/de\/wp-json\/wp\/v2\/pages\/35371"}],"collection":[{"href":"https:\/\/kalkanvilla.de\/de\/wp-json\/wp\/v2\/pages"}],"about":[{"href":"https:\/\/kalkanvilla.de\/de\/wp-json\/wp\/v2\/types\/page"}],"author":[{"embeddable":true,"href":"https:\/\/kalkanvilla.de\/de\/wp-json\/wp\/v2\/users\/1"}],"replies":[{"embeddable":true,"href":"https:\/\/kalkanvilla.de\/de\/wp-json\/wp\/v2\/comments?post=35371"}],"version-history":[{"count":5,"href":"https:\/\/kalkanvilla.de\/de\/wp-json\/wp\/v2\/pages\/35371\/revisions"}],"predecessor-version":[{"id":35698,"href":"https:\/\/kalkanvilla.de\/de\/wp-json\/wp\/v2\/pages\/35371\/revisions\/35698"}],"wp:attachment":[{"href":"https:\/\/kalkanvilla.de\/de\/wp-json\/wp\/v2\/media?parent=35371"}],"curies":[{"name":"wp","href":"https:\/\/api.w.org\/{rel}","templated":true}]}}