{"id":27932,"date":"2018-05-11T15:11:04","date_gmt":"2018-05-11T15:11:04","guid":{"rendered":"https:\/\/wprentals.org\/?page_id=27932"},"modified":"2018-05-11T15:11:04","modified_gmt":"2018-05-11T15:11:04","slug":"places-shortcodes","status":"publish","type":"page","link":"https:\/\/kalkanvilla.de\/de\/places-shortcodes\/","title":{"rendered":"Featured Places Shortcode"},"content":{"rendered":"<div class=\"vc_row wpb_row vc_row-fluid vc_custom_1526051751100 wpestate_row vc_row\"><div class=\"wpb_column vc_column_container vc_col-sm-12 vc_column\"><div class=\"vc_column-inner\"><div class=\"wpb_wrapper\">\n\t<div class=\"wpb_text_column wpb_content_element  vc_column_text\" >\n\t\t<div class=\"wpb_wrapper\">\n\t\t\t<h2 style=\"text-align: center; font-size: 24px;\">Featured city or area v1<\/h2>\n\n\t\t<\/div>\n\t<\/div>\n<\/div><\/div><\/div><\/div><div class=\"vc_row wpb_row vc_row-fluid vc_custom_1526051606393 wpestate_row vc_row\"><div class=\"wpb_column vc_column_container vc_col-sm-4 vc_column\"><div class=\"vc_column-inner\"><div class=\"wpb_wrapper\"><div class=\"places_wrapper   type_1_class\"   data-link=\"\"><div class=\"listing-hover-gradient\"><\/div><div class=\"listing-hover\"><\/div><div class=\"places1 featuredplace\" style=\"background-image:url(https:\/\/kalkanvilla.de\/wp-content\/themes\/wprentals\/img\/defaultimage.jpg);\"><\/div><div class=\"category_name\"><div class=\"featured_place_count\"> Eintr\u00e4ge<\/div><a class=\"featured_listing_title\" href=\"\"><\/a><div class=\"category_tagline\"><\/div><\/div><\/div><\/div><\/div><\/div><div class=\"wpb_column vc_column_container vc_col-sm-4 vc_column\"><div class=\"vc_column-inner\"><div class=\"wpb_wrapper\"><div class=\"places_wrapper   type_1_class\"   data-link=\"\"><div class=\"listing-hover-gradient\"><\/div><div class=\"listing-hover\"><\/div><div class=\"places1 featuredplace\" style=\"background-image:url(https:\/\/kalkanvilla.de\/wp-content\/themes\/wprentals\/img\/defaultimage.jpg);\"><\/div><div class=\"category_name\"><div class=\"featured_place_count\"> Eintr\u00e4ge<\/div><a class=\"featured_listing_title\" href=\"\"><\/a><div class=\"category_tagline\"><\/div><\/div><\/div><\/div><\/div><\/div><div class=\"wpb_column vc_column_container vc_col-sm-4 vc_column\"><div class=\"vc_column-inner\"><div class=\"wpb_wrapper\"><div class=\"places_wrapper   type_1_class\"   data-link=\"\"><div class=\"listing-hover-gradient\"><\/div><div class=\"listing-hover\"><\/div><div class=\"places1 featuredplace\" style=\"background-image:url(https:\/\/kalkanvilla.de\/wp-content\/themes\/wprentals\/img\/defaultimage.jpg);\"><\/div><div class=\"category_name\"><div class=\"featured_place_count\"> Eintr\u00e4ge<\/div><a class=\"featured_listing_title\" href=\"\"><\/a><div class=\"category_tagline\"><\/div><\/div><\/div><\/div><\/div><\/div><\/div><div class=\"vc_row wpb_row vc_row-fluid vc_custom_1526051751100 wpestate_row vc_row\"><div class=\"wpb_column vc_column_container vc_col-sm-12 vc_column\"><div class=\"vc_column-inner\"><div class=\"wpb_wrapper\">\n\t<div class=\"wpb_text_column wpb_content_element  vc_column_text\" >\n\t\t<div class=\"wpb_wrapper\">\n\t\t\t<h2 style=\"text-align: center; font-size: 24px;\">NEW: Featured category or type v1<\/h2>\n\n\t\t<\/div>\n\t<\/div>\n<\/div><\/div><\/div><\/div><div class=\"vc_row wpb_row vc_row-fluid vc_custom_1526051606393 wpestate_row vc_row\"><div class=\"wpb_column vc_column_container vc_col-sm-4 vc_column\"><div class=\"vc_column-inner\"><div class=\"wpb_wrapper\"><div class=\"places_wrapper   type_1_class\"   data-link=\"https:\/\/kalkanvilla.de\/de\/listings\/apartment\/\"><div class=\"listing-hover-gradient\"><\/div><div class=\"listing-hover\"><\/div><div class=\"places1 featuredplace\" style=\"background-image:url(https:\/\/kalkanvilla.de\/wp-content\/themes\/wprentals\/img\/defaultimage.jpg);\"><\/div><div class=\"category_name\"><div class=\"featured_place_count\"> Eintr\u00e4ge<\/div><a class=\"featured_listing_title\" href=\"https:\/\/kalkanvilla.de\/de\/listings\/apartment\/\"><\/a><div class=\"category_tagline\"><\/div><\/div><\/div><\/div><\/div><\/div><div class=\"wpb_column vc_column_container vc_col-sm-4 vc_column\"><div class=\"vc_column-inner\"><div class=\"wpb_wrapper\"><div class=\"places_wrapper   type_1_class\"   data-link=\"\"><div class=\"listing-hover-gradient\"><\/div><div class=\"listing-hover\"><\/div><div class=\"places1 featuredplace\" style=\"background-image:url(https:\/\/kalkanvilla.de\/wp-content\/themes\/wprentals\/img\/defaultimage.jpg);\"><\/div><div class=\"category_name\"><div class=\"featured_place_count\"> Eintr\u00e4ge<\/div><a class=\"featured_listing_title\" href=\"\"><\/a><div class=\"category_tagline\"><\/div><\/div><\/div><\/div><\/div><\/div><div class=\"wpb_column vc_column_container vc_col-sm-4 vc_column\"><div class=\"vc_column-inner\"><div class=\"wpb_wrapper\"><div class=\"places_wrapper   type_1_class\"   data-link=\"\"><div class=\"listing-hover-gradient\"><\/div><div class=\"listing-hover\"><\/div><div class=\"places1 featuredplace\" style=\"background-image:url(https:\/\/kalkanvilla.de\/wp-content\/themes\/wprentals\/img\/defaultimage.jpg);\"><\/div><div class=\"category_name\"><div class=\"featured_place_count\"> Eintr\u00e4ge<\/div><a class=\"featured_listing_title\" href=\"\"><\/a><div class=\"category_tagline\"><\/div><\/div><\/div><\/div><\/div><\/div><\/div><div class=\"vc_row wpb_row vc_row-fluid vc_custom_1526051751100 wpestate_row vc_row\"><div class=\"wpb_column vc_column_container vc_col-sm-12 vc_column\"><div class=\"vc_column-inner\"><div class=\"wpb_wrapper\">\n\t<div class=\"wpb_text_column wpb_content_element  vc_column_text\" >\n\t\t<div class=\"wpb_wrapper\">\n\t\t\t<h2 style=\"text-align: center; font-size: 24px;\">Featured Place (city or area) v2<\/h2>\n\n\t\t<\/div>\n\t<\/div>\n<\/div><\/div><\/div><\/div><div class=\"vc_row wpb_row vc_row-fluid vc_custom_1526051606393 wpestate_row vc_row\"><div class=\"wpb_column vc_column_container vc_col-sm-4 vc_column\"><div class=\"vc_column-inner\"><div class=\"wpb_wrapper\"><div class=\"places_wrapper\"   data-link=\"\"><div class=\"listing-hover-gradient\"><\/div><div class=\"listing-hover\"><\/div><div class=\"places1 featuredplace\" style=\"background-image:url(https:\/\/kalkanvilla.de\/wp-content\/themes\/wprentals\/img\/defaultimage.jpg);\"><\/div><div class=\"category_name\"><a class=\"featured_listing_title\" href=\"\"><\/a><div class=\"category_tagline\"><\/div><\/div><\/div><\/div><\/div><\/div><div class=\"wpb_column vc_column_container vc_col-sm-4 vc_column\"><div class=\"vc_column-inner\"><div class=\"wpb_wrapper\"><div class=\"places_wrapper\"   data-link=\"\"><div class=\"listing-hover-gradient\"><\/div><div class=\"listing-hover\"><\/div><div class=\"places1 featuredplace\" style=\"background-image:url(https:\/\/kalkanvilla.de\/wp-content\/themes\/wprentals\/img\/defaultimage.jpg);\"><\/div><div class=\"category_name\"><a class=\"featured_listing_title\" href=\"\"><\/a><div class=\"category_tagline\"><\/div><\/div><\/div><\/div><\/div><\/div><div class=\"wpb_column vc_column_container vc_col-sm-4 vc_column\"><div class=\"vc_column-inner\"><div class=\"wpb_wrapper\"><div class=\"places_wrapper\"   data-link=\"\"><div class=\"listing-hover-gradient\"><\/div><div class=\"listing-hover\"><\/div><div class=\"places1 featuredplace\" style=\"background-image:url(https:\/\/kalkanvilla.de\/wp-content\/themes\/wprentals\/img\/defaultimage.jpg);\"><\/div><div class=\"category_name\"><a class=\"featured_listing_title\" href=\"\"><\/a><div class=\"category_tagline\"><\/div><\/div><\/div><\/div><\/div><\/div><\/div><div class=\"vc_row wpb_row vc_row-fluid vc_custom_1526051751100 wpestate_row vc_row\"><div class=\"wpb_column vc_column_container vc_col-sm-12 vc_column\"><div class=\"vc_column-inner\"><div class=\"wpb_wrapper\">\n\t<div class=\"wpb_text_column wpb_content_element  vc_column_text\" >\n\t\t<div class=\"wpb_wrapper\">\n\t\t\t<h2 style=\"text-align: center; font-size: 24px;\">NEW: Featured category or type v2<\/h2>\n\n\t\t<\/div>\n\t<\/div>\n<\/div><\/div><\/div><\/div><div class=\"vc_row wpb_row vc_row-fluid vc_custom_1526051606393 wpestate_row vc_row\"><div class=\"wpb_column vc_column_container vc_col-sm-4 vc_column\"><div class=\"vc_column-inner\"><div class=\"wpb_wrapper\"><div class=\"places_wrapper\"   data-link=\"https:\/\/kalkanvilla.de\/de\/listings\/apartment\/\"><div class=\"listing-hover-gradient\"><\/div><div class=\"listing-hover\"><\/div><div class=\"places1 featuredplace\" style=\"background-image:url(https:\/\/kalkanvilla.de\/wp-content\/themes\/wprentals\/img\/defaultimage.jpg);\"><\/div><div class=\"category_name\"><a class=\"featured_listing_title\" href=\"https:\/\/kalkanvilla.de\/de\/listings\/apartment\/\"><\/a><div class=\"category_tagline\"><\/div><\/div><\/div><\/div><\/div><\/div><div class=\"wpb_column vc_column_container vc_col-sm-4 vc_column\"><div class=\"vc_column-inner\"><div class=\"wpb_wrapper\"><div class=\"places_wrapper\"   data-link=\"\"><div class=\"listing-hover-gradient\"><\/div><div class=\"listing-hover\"><\/div><div class=\"places1 featuredplace\" style=\"background-image:url(https:\/\/kalkanvilla.de\/wp-content\/themes\/wprentals\/img\/defaultimage.jpg);\"><\/div><div class=\"category_name\"><a class=\"featured_listing_title\" href=\"\"><\/a><div class=\"category_tagline\"><\/div><\/div><\/div><\/div><\/div><\/div><div class=\"wpb_column vc_column_container vc_col-sm-4 vc_column\"><div class=\"vc_column-inner\"><div class=\"wpb_wrapper\"><div class=\"places_wrapper\"   data-link=\"\"><div class=\"listing-hover-gradient\"><\/div><div class=\"listing-hover\"><\/div><div class=\"places1 featuredplace\" style=\"background-image:url(https:\/\/kalkanvilla.de\/wp-content\/themes\/wprentals\/img\/defaultimage.jpg);\"><\/div><div class=\"category_name\"><a class=\"featured_listing_title\" href=\"\"><\/a><div class=\"category_tagline\"><\/div><\/div><\/div><\/div><\/div><\/div><\/div><div class=\"vc_row wpb_row vc_row-fluid vc_custom_1526051751100 wpestate_row vc_row\"><div class=\"wpb_column vc_column_container vc_col-sm-12 vc_column\"><div class=\"vc_column-inner\"><div class=\"wpb_wrapper\">\n\t<div class=\"wpb_text_column wpb_content_element  vc_column_text\" >\n\t\t<div class=\"wpb_wrapper\">\n\t\t\t<h2 style=\"text-align: center; font-size: 24px;\">Featured Place (city or area) v3<\/h2>\n\n\t\t<\/div>\n\t<\/div>\n<\/div><\/div><\/div><\/div><div class=\"vc_row wpb_row vc_row-fluid vc_custom_1526051606393 wpestate_row vc_row\"><div class=\"wpb_column vc_column_container vc_col-sm-4 vc_column\"><div class=\"vc_column-inner\"><div class=\"wpb_wrapper\"><div class=\"places_wrapper   type_3_class\"   data-link=\"\"><div class=\"listing-hover-gradient\"><\/div><div class=\"listing-hover\"><\/div><div class=\"places1 featuredplace\" style=\"background-image:url(https:\/\/kalkanvilla.de\/wp-content\/themes\/wprentals\/img\/defaultimage.jpg);\"><\/div><div class=\"category_name\"><a class=\"featured_listing_title\" href=\"\"><\/a><div class=\"category_tagline\"><\/div><div class=\"featured_place_count\"> Eintr\u00e4ge<\/div><div class=\"featured_more\"><a href=\"\">Discover<\/a> <i class=\"fas fa-chevron-right\"><\/i><\/div><\/div><div class=\"places_label\">United States <\/div><\/div><\/div><\/div><\/div><div class=\"wpb_column vc_column_container vc_col-sm-4 vc_column\"><div class=\"vc_column-inner\"><div class=\"wpb_wrapper\"><div class=\"places_wrapper   type_3_class\"   data-link=\"\"><div class=\"listing-hover-gradient\"><\/div><div class=\"listing-hover\"><\/div><div class=\"places1 featuredplace\" style=\"background-image:url(https:\/\/kalkanvilla.de\/wp-content\/themes\/wprentals\/img\/defaultimage.jpg);\"><\/div><div class=\"category_name\"><a class=\"featured_listing_title\" href=\"\"><\/a><div class=\"category_tagline\"><\/div><div class=\"featured_place_count\"> Eintr\u00e4ge<\/div><div class=\"featured_more\"><a href=\"\">Discover<\/a> <i class=\"fas fa-chevron-right\"><\/i><\/div><\/div><div class=\"places_label\">United States <\/div><\/div><\/div><\/div><\/div><div class=\"wpb_column vc_column_container vc_col-sm-4 vc_column\"><div class=\"vc_column-inner\"><div class=\"wpb_wrapper\"><div class=\"places_wrapper   type_3_class\"   data-link=\"\"><div class=\"listing-hover-gradient\"><\/div><div class=\"listing-hover\"><\/div><div class=\"places1 featuredplace\" style=\"background-image:url(https:\/\/kalkanvilla.de\/wp-content\/themes\/wprentals\/img\/defaultimage.jpg);\"><\/div><div class=\"category_name\"><a class=\"featured_listing_title\" href=\"\"><\/a><div class=\"category_tagline\"><\/div><div class=\"featured_place_count\"> Eintr\u00e4ge<\/div><div class=\"featured_more\"><a href=\"\">Discover<\/a> <i class=\"fas fa-chevron-right\"><\/i><\/div><\/div><div class=\"places_label\">United States <\/div><\/div><\/div><\/div><\/div><\/div><div class=\"vc_row wpb_row vc_row-fluid vc_custom_1526051751100 wpestate_row vc_row\"><div class=\"wpb_column vc_column_container vc_col-sm-12 vc_column\"><div class=\"vc_column-inner\"><div class=\"wpb_wrapper\">\n\t<div class=\"wpb_text_column wpb_content_element  vc_column_text\" >\n\t\t<div class=\"wpb_wrapper\">\n\t\t\t<h2 style=\"text-align: center; font-size: 24px;\">NEW: Featured category or type v3<\/h2>\n\n\t\t<\/div>\n\t<\/div>\n<\/div><\/div><\/div><\/div><div class=\"vc_row wpb_row vc_row-fluid vc_custom_1526051606393 wpestate_row vc_row\"><div class=\"wpb_column vc_column_container vc_col-sm-4 vc_column\"><div class=\"vc_column-inner\"><div class=\"wpb_wrapper\"><div class=\"places_wrapper   type_3_class\"   data-link=\"https:\/\/kalkanvilla.de\/de\/listings\/apartment\/\"><div class=\"listing-hover-gradient\"><\/div><div class=\"listing-hover\"><\/div><div class=\"places1 featuredplace\" style=\"background-image:url(https:\/\/kalkanvilla.de\/wp-content\/themes\/wprentals\/img\/defaultimage.jpg);\"><\/div><div class=\"category_name\"><a class=\"featured_listing_title\" href=\"https:\/\/kalkanvilla.de\/de\/listings\/apartment\/\"><\/a><div class=\"category_tagline\"><\/div><div class=\"featured_place_count\"> Eintr\u00e4ge<\/div><div class=\"featured_more\"><a href=\"https:\/\/kalkanvilla.de\/de\/listings\/apartment\/\">Discover<\/a> <i class=\"fas fa-chevron-right\"><\/i><\/div><\/div><div class=\"places_label\">Best Places <\/div><\/div><\/div><\/div><\/div><div class=\"wpb_column vc_column_container vc_col-sm-4 vc_column\"><div class=\"vc_column-inner\"><div class=\"wpb_wrapper\"><div class=\"places_wrapper   type_3_class\"   data-link=\"\"><div class=\"listing-hover-gradient\"><\/div><div class=\"listing-hover\"><\/div><div class=\"places1 featuredplace\" style=\"background-image:url(https:\/\/kalkanvilla.de\/wp-content\/themes\/wprentals\/img\/defaultimage.jpg);\"><\/div><div class=\"category_name\"><a class=\"featured_listing_title\" href=\"\"><\/a><div class=\"category_tagline\"><\/div><div class=\"featured_place_count\"> Eintr\u00e4ge<\/div><div class=\"featured_more\"><a href=\"\">Discover<\/a> <i class=\"fas fa-chevron-right\"><\/i><\/div><\/div><div class=\"places_label\">Special Offers <\/div><\/div><\/div><\/div><\/div><div class=\"wpb_column vc_column_container vc_col-sm-4 vc_column\"><div class=\"vc_column-inner\"><div class=\"wpb_wrapper\"><div class=\"places_wrapper   type_3_class\"   data-link=\"\"><div class=\"listing-hover-gradient\"><\/div><div class=\"listing-hover\"><\/div><div class=\"places1 featuredplace\" style=\"background-image:url(https:\/\/kalkanvilla.de\/wp-content\/themes\/wprentals\/img\/defaultimage.jpg);\"><\/div><div class=\"category_name\"><a class=\"featured_listing_title\" href=\"\"><\/a><div class=\"category_tagline\"><\/div><div class=\"featured_place_count\"> Eintr\u00e4ge<\/div><div class=\"featured_more\"><a href=\"\">Discover<\/a> <i class=\"fas fa-chevron-right\"><\/i><\/div><\/div><div class=\"places_label\">Last Minute <\/div><\/div><\/div><\/div><\/div><\/div><div class=\"vc_row wpb_row vc_row-fluid vc_custom_1526051751100 wpestate_row vc_row\"><\/div><div class=\"wpb_column vc_column_container vc_col-sm-12 vc_column\"><div class=\"vc_column-inner\"><div class=\"wpb_wrapper\"><\/div><\/div><\/div>","protected":false},"excerpt":{"rendered":"Featured city or area v1 Eintr\u00e4ge Eintr\u00e4ge Eintr\u00e4ge NEW: Featured category or type v1 Eintr\u00e4ge Eintr\u00e4ge Eintr\u00e4ge Featured Place (city or area) v2 NEW: Featured category or type v2 Featured Place (city or area) v3 Eintr\u00e4geDiscover United States Eintr\u00e4geDiscover United States Eintr\u00e4geDiscover United States NEW: Featured category or type v3 Eintr\u00e4geDiscover Best Places Eintr\u00e4geDiscover Special ...","protected":false},"author":2,"featured_media":0,"parent":0,"menu_order":0,"comment_status":"closed","ping_status":"closed","template":"","meta":{"inline_featured_image":false,"footnotes":""},"acf":[],"_links":{"self":[{"href":"https:\/\/kalkanvilla.de\/de\/wp-json\/wp\/v2\/pages\/27932"}],"collection":[{"href":"https:\/\/kalkanvilla.de\/de\/wp-json\/wp\/v2\/pages"}],"about":[{"href":"https:\/\/kalkanvilla.de\/de\/wp-json\/wp\/v2\/types\/page"}],"author":[{"embeddable":true,"href":"https:\/\/kalkanvilla.de\/de\/wp-json\/wp\/v2\/users\/2"}],"replies":[{"embeddable":true,"href":"https:\/\/kalkanvilla.de\/de\/wp-json\/wp\/v2\/comments?post=27932"}],"version-history":[{"count":0,"href":"https:\/\/kalkanvilla.de\/de\/wp-json\/wp\/v2\/pages\/27932\/revisions"}],"wp:attachment":[{"href":"https:\/\/kalkanvilla.de\/de\/wp-json\/wp\/v2\/media?parent=27932"}],"curies":[{"name":"wp","href":"https:\/\/api.w.org\/{rel}","templated":true}]}}