{"id":261,"date":"2015-04-22T09:32:42","date_gmt":"2015-04-22T09:32:42","guid":{"rendered":"http:\/\/demo1.wprentals.org\/?page_id=261"},"modified":"2015-04-22T09:32:42","modified_gmt":"2015-04-22T09:32:42","slug":"wp-rentals-shortcodes","status":"publish","type":"page","link":"https:\/\/kalkanvilla.de\/de\/wp-rentals-shortcodes\/","title":{"rendered":"Other Shortcodes"},"content":{"rendered":"<div id=\"featured_owner1\" class=\"vc_row wpb_row vc_row-fluid vc_custom_1526052400226 wpestate_row vc_row\"><div class=\"wpb_column vc_column_container vc_col-sm-12 vc_column\"><div class=\"vc_column-inner vc_custom_1435665261660\"><div class=\"wpb_wrapper\">\n\t<div class=\"wpb_text_column wpb_content_element  vc_custom_1526052435664 vc_column_text\" >\n\t\t<div class=\"wpb_wrapper\">\n\t\t\t<h2 style=\"text-align: center; font-size: 24px;\">Featured Owners<\/h2>\n\n\t\t<\/div>\n\t<\/div>\n<\/div><\/div><\/div><\/div><div class=\"vc_row wpb_row vc_row-fluid vc_custom_1546870171585 wpestate_row vc_row\"><div class=\"wpb_column vc_column_container vc_col-sm-4 vc_column\"><div class=\"vc_column-inner\"><div class=\"wpb_wrapper\"><\/div><\/div><\/div><div class=\"wpb_column vc_column_container vc_col-sm-4 vc_column\"><div class=\"vc_column-inner\"><div class=\"wpb_wrapper\"><\/div><\/div><\/div><div class=\"wpb_column vc_column_container vc_col-sm-4 vc_column\"><div class=\"vc_column-inner\"><div class=\"wpb_wrapper\"><\/div><\/div><\/div><\/div><div class=\"vc_row wpb_row vc_row-fluid vc_custom_1526052400226 wpestate_row vc_row\"><div class=\"wpb_column vc_column_container vc_col-sm-12 vc_column\"><div class=\"vc_column-inner vc_custom_1435665261660\"><div class=\"wpb_wrapper\">\n\t<div class=\"wpb_text_column wpb_content_element  vc_custom_1526052570931 vc_column_text\" >\n\t\t<div class=\"wpb_wrapper\">\n\t\t\t<h2 style=\"text-align: center; font-size: 24px;\">Advanced Search<\/h2>\n\n\t\t<\/div>\n\t<\/div>\n<\/div><\/div><\/div><\/div><div id=\"advanced_Search_Area\" class=\"vc_row wpb_row vc_row-fluid vc_custom_1526052577832 wpestate_row vc_row\"><div class=\"wpb_column vc_column_container vc_col-sm-12 vc_column\"><div class=\"vc_column-inner\"><div class=\"wpb_wrapper\"><div class=\"advanced_search_shortcode\"><h2 class=\"shortcode_title_adv\"><\/h2><div class=\"adv-search-4    261 advanced_search_form_wrapper\"  data-postid=\"261\"><form role=\"search\" method=\"get\"   action=\"https:\/\/kalkanvilla.de\/de\/advanced-search\/\" data-trp-original-action=\"https:\/\/kalkanvilla.de\/advanced-search\/\" ><div class=\"col-md-6\">\n                <i class=\"custom_icon_class_icon fas fa-keyboard\"><\/i>\n\n                <input type=\"text\" id=\"keyword_search\" class=\"form-control custom_icon_class_input\" name=\"keyword_search\"  placeholder=\"Schl\u00fcsselwort eingeben\" value=\"\"><\/div>\n                <div class=\"col-md-2\">\n                   <i class=\"custom_icon_class_icon fas fa-clone\"><\/i>\n                    <div class=\"dropdown form-control custom_icon_class icon_categlist\" >\n                        <div data-toggle=\"dropdown\" id=\"adv_categ\" class=\"filter_menu_trigger\"  data-value=\"all\"> \n                            Alle Arten               \n                        <span class=\"caret caret_filter\"><\/span> <\/div>           \n                        <input type=\"hidden\" id=\"property_category\" name=\"property_category\" value=\"\">\n                        <ul  class=\"dropdown-menu filter_menu\" role=\"menu\" aria-labelledby=\"adv_categ\">\n                            <li role=\"presentation\" data-value=\"all\">Alle<\/li><li role=\"presentation\" data-value=\"apartment\">Ferienwohnung (1)<\/li><li role=\"presentation\" data-value=\"bargain-villa\">Bargain Villa (6)<\/li><li role=\"presentation\" data-value=\"honeymoon-villa\">Honeymoon Villa (8)<\/li><li role=\"presentation\" data-value=\"luxury-villa\">Luxury Villa (49)<\/li><li role=\"presentation\" data-value=\"villa-for-conservatives\">Villa For Conservatives (3)<\/li><li role=\"presentation\" data-value=\"villa-near-the-sea\">Villa nah am Meer<\/li>\n                        <\/ul>\n                    <\/div>    \n                <\/div>\n                <div class=\"col-md-2\">  \n                    <i class=\"custom_icon_class_icon fas fa-boxes\"><\/i>\n                    <div class=\"dropdown form-control dropdown custom_icon_class icon_actionslist form-control\" >\n                        <div data-toggle=\"dropdown\" id=\"adv_actions\" class=\"filter_menu_trigger\" data-value=\"all\"> \n                            Alle Gr\u00f6\u00dfen \n                        <span class=\"caret caret_filter\"><\/span> <\/div>           \n                        <input type=\"hidden\" id=\"property_action_category\" name=\"property_action_category\" value=\"\">\n                        <ul  class=\"dropdown-menu filter_menu\" role=\"menu\" aria-labelledby=\"adv_actions\">\n                             <li role=\"presentation\" data-value=\"all\">Auswahl<\/li><li role=\"presentation\" data-value=\"apartment\">Ferienwohnung (1)<\/li><li role=\"presentation\" data-value=\"private-villa\">Private Villa (68)<\/li>\n                        <\/ul>        \n                    <\/div>\n                <\/div><div class=\"col-md-2 adv_handler_wrapper\">\n            <div class=\"adv_handler\"><i class=\"fas fa-sliders-h\" aria-hidden=\"true\"><\/i><\/div>\n            <input name=\"submit\" type=\"submit\" class=\"wpb_btn-info wpb_btn-small wpestate_vc_button  vc_button\" id=\"advanced_submit_4\" value=\"SUCHE\">\n        <\/div>\n\n        <input type=\"hidden\" name=\"is11\" value=\"11\">\n\n        <div class=\"adv_search_hidden_fields\"><div class=\"col-md-6 Location\"><i class=\"custom_icon_class_icon fas fa-map-marker\"><\/i><input type=\"hidden\" class=\"stype\" id=\"stype\" name=\"stype\" value=\"tax\">\n        <div class=\"dropdown form-control\">\n            <div data-toggle=\"dropdown\" id=\"search_location\"  class=\"filter_menu_trigger\"  data-value=\"all\">Ort<span class=\"caret caret_filter\"><\/span> <\/div>           \n            <input type=\"hidden\" name=\"search_location\" id=\"search_location_autointernal\"  value=\"\">\n            <ul  class=\"dropdown-menu filter_menu search_location_autointernal_list\"  id=\"search_location-select\" role=\"menu\" aria-labelledby=\"search_location\">\n                <li role=\"presentation\" data-value=\"0\">irgendein<\/li><li role=\"presentation\" data-tax=\"tax\" data-value=\"Antalya\">Antalya<\/li><li role=\"presentation\" data-tax=\"tax\" data-value=\"Kalkan\">Kalkan<\/li><li role=\"presentation\" data-tax=\"tax\" data-value=\"Ka\u015f\">Ka\u015f<\/li><li role=\"presentation\" data-tax=\"tax\" data-value=\"Patara\">Patara<\/li><li role=\"presentation\" data-tax=\"meta\" data-value=\"germany\">Deutschland<\/li><li role=\"presentation\" data-tax=\"meta\" data-value=\"turkey\">Turkei<\/li><li role=\"presentation\" data-tax=\"tax\" data-value=\"\u0130slamlar\">\u0130slamlar<\/li>\n            <\/ul>        \n        <\/div>  <input type=\"hidden\" id=\"advanced_cityshortcode\"      class=\"form-control\" name=\"advanced_city\" data-value=\"\"   value=\"\" >\n                    <input type=\"hidden\" id=\"advanced_areashortcode\"      class=\"form-control\" name=\"advanced_area\"   data-value=\"\" value=\"\" >\n                    <input type=\"hidden\" id=\"advanced_countryshortcode\"   class=\"form-control\" name=\"advanced_country\"   data-value=\"\" value=\"\" >\n                    <input type=\"hidden\" id=\"property_admin_areashortcode\" name=\"property_admin_area\" value=\"\"><script type=\"text\/javascript\">\n                \/\/<![CDATA[\n                jQuery(document).ready(function(){\n                    var availableTags = [ { label: \"Antalya\", category: \"tax\" }, { label: \"Ka\u015f\", category: \"tax\" }, { label: \"Patara\", category: \"tax\" }, { label: \"\u0130slamlar\", category: \"tax\" }, { label: \"Kalkan\", category: \"tax\" }, { label: \"turkey\", category: \"meta\" }, { label: \"germany\", category: \"meta\" }, { label: \"\", category: \"meta\" }, { label: \"\", category: \"meta\" },];\n                    jQuery(\"#search_location_autointernal,#search_locationmobile_autointernal,#search_locationsidebar_autointernal,#search_locationshortcode_autointernal,#search_location_filter_autointernal,#search_locationhalf_autointernal\").autocomplete({\n                        source: function(request, response) {\n                            var results = jQuery.ui.autocomplete.filter(availableTags, request.term);\n                            response(results.slice(0, 10));\n                        },\n                        select: function (a, b) {\n                            jQuery(\".stype\").val(b.item.category);\n\n                            if (document.getElementById(\"search_location_filter_autointernal\")) {\n\n                                jQuery(\"#search_location_filter_autointernal\").val(b.item.label);\n                                wpestate_start_filtering_ajax_map(1);\n                            }\n                        }\n                    });\n                });\n                \/\/]]>\n                <\/script><\/div><div class=\"col-md-3 Check_In\"><i class=\"custom_icon_class_icon fas fa-calendar-alt\"><\/i><input type=\"text\"    id=\"check_in_shortcode\"  name=\"check_in\" placeholder=\"Anreise\"  class=\"advanced_select form-control custom_icon_class_input\" value=\"\" \/><\/div><div class=\"col-md-3 Check_Out\"><i class=\"custom_icon_class_icon fas fa-calendar-alt\"><\/i><input type=\"text\"    id=\"check_out_shortcode\"  name=\"check_out\" placeholder=\"Abreise\"  class=\"advanced_select form-control custom_icon_class_input\" value=\"\" \/><\/div><div class=\"col-md-3 Guests\"><i class=\"custom_icon_class_icon fas fa-user\"><\/i><div class=\"dropdown custom_icon_class  form-control\"> <div data-toggle=\"dropdown\" id=\"guest_no_toogle\" class=\"filter_menu_trigger\"   data-value=\"\">G\u00e4ste\n                <span class=\"caret  caret_filter\"><\/span>\n                <\/div> <input type=\"hidden\" name=\"guest_no\" id=\"guest_no\" value=\"\">\n                    <ul  class=\"dropdown-menu filter_menu\" role=\"menu\" aria-labelledby=\"guest_no_toogle\">\n                         <li role=\"presentation\" data-value=\"all\">G\u00e4ste<\/li><li data-value=\"1\"  value=\"1\">1<\/li><li data-value=\"2\"  value=\"2\">2<\/li><li data-value=\"3\"  value=\"3\">3<\/li><li data-value=\"4\"  value=\"4\">4<\/li><li data-value=\"5\"  value=\"5\">5<\/li><li data-value=\"6\"  value=\"6\">6<\/li><li data-value=\"7\"  value=\"7\">7<\/li><li data-value=\"8\"  value=\"8\">8<\/li><li data-value=\"9\"  value=\"9\">9<\/li><li data-value=\"10\"  value=\"10\">10<\/li><li data-value=\"11\"  value=\"11\">11<\/li><li data-value=\"12\"  value=\"12\">12<\/li><li data-value=\"13\"  value=\"13\">13<\/li><li data-value=\"14\"  value=\"14\">14<\/li><li data-value=\"15\"  value=\"15\">15<\/li>\n                    <\/ul>\n                <\/div><\/div><div class=\"col-md-3 Bedroom\"><i class=\"custom_icon_class_icon fas fa-bed\"><\/i><div class=\"dropdown custom_icon_class  form-control\"> <div data-toggle=\"dropdown\" id=\"property_bedrooms_toogle\" class=\"filter_menu_trigger\"   data-value=\"\">Schlafzimmer\n                <span class=\"caret  caret_filter\"><\/span>\n                <\/div> <input type=\"hidden\" name=\"property_bedrooms\" id=\"property_bedrooms\" value=\"\">\n                    <ul  class=\"dropdown-menu filter_menu\" role=\"menu\" aria-labelledby=\"property_bedrooms_toogle\">\n                         <li role=\"presentation\" data-value=\"all\">Schlafzimmer<\/li><li data-value=\"1\"  value=\"1\">1<\/li><li data-value=\"2\"  value=\"2\">2<\/li><li data-value=\"3\"  value=\"3\">3<\/li><li data-value=\"4\"  value=\"4\">4<\/li><li data-value=\"5\"  value=\"5\">5<\/li><li data-value=\"6\"  value=\"6\">6<\/li><li data-value=\"7\"  value=\"7\">7<\/li><li data-value=\"8\"  value=\"8\">8<\/li><li data-value=\"9\"  value=\"9\">9<\/li><li data-value=\"10\"  value=\"10\">10<\/li>\n                    <\/ul>\n                <\/div><\/div><div class=\"col-md-3 Bathroom\"><i class=\"custom_icon_class_icon fas fa-bath\"><\/i><div class=\"dropdown custom_icon_class  form-control\"> <div data-toggle=\"dropdown\" id=\"property_bathrooms_toogle\" class=\"filter_menu_trigger\"   data-value=\"\">Badezimmer\n                <span class=\"caret  caret_filter\"><\/span>\n                <\/div> <input type=\"hidden\" name=\"property_bathrooms\" id=\"property_bathrooms\" value=\"\">\n                    <ul  class=\"dropdown-menu filter_menu\" role=\"menu\" aria-labelledby=\"property_bathrooms_toogle\">\n                         <li role=\"presentation\" data-value=\"all\">Badezimmer<\/li><li data-value=\"1\"  value=\"1\">1<\/li><li data-value=\"2\"  value=\"2\">2<\/li><li data-value=\"3\"  value=\"3\">3<\/li><li data-value=\"4\"  value=\"4\">4<\/li><li data-value=\"5\"  value=\"5\">5<\/li><li data-value=\"6\"  value=\"6\">6<\/li><li data-value=\"7\"  value=\"7\">7<\/li><li data-value=\"8\"  value=\"8\">8<\/li><li data-value=\"9\"  value=\"9\">9<\/li><li data-value=\"10\"  value=\"10\">10<\/li>\n                    <\/ul>\n                <\/div><\/div><input type=\"hidden\" id=\"wpestate_regular_search_nonce\" name=\"wpestate_regular_search_nonce\" value=\"065dd45c73\" \/><input type=\"hidden\" name=\"_wp_http_referer\" value=\"\/de\/wp-json\/wp\/v2\/pages\/261\" \/><div class=\"col-md-3\" ><input name=\"submit\" type=\"submit\" class=\"advanced_search_submit_button\"  value=\"Suche\"><\/div><\/div><input type=\"hidden\" name=\"trp-form-language\" value=\"de\"\/><\/form><\/div><\/div><\/div><\/div><\/div><\/div><div class=\"vc_row wpb_row vc_row-fluid vc_custom_1526052400226 wpestate_row vc_row\"><div class=\"wpb_column vc_column_container vc_col-sm-12 vc_column\"><div class=\"vc_column-inner vc_custom_1435665261660\"><div class=\"wpb_wrapper\">\n\t<div class=\"wpb_text_column wpb_content_element  vc_custom_1526052472138 vc_column_text\" >\n\t\t<div class=\"wpb_wrapper\">\n\t\t\t<h2 style=\"text-align: center; font-size: 24px;\">Testimonials<\/h2>\n\n\t\t<\/div>\n\t<\/div>\n<\/div><\/div><\/div><\/div><div id=\"testimonials_sh\" class=\"vc_row wpb_row vc_row-fluid vc_custom_1526052491894 wpestate_row vc_row\"><div class=\"wpb_column vc_column_container vc_col-sm-6 vc_column\"><div class=\"vc_column-inner vc_custom_1435666854259\"><div class=\"wpb_wrapper\"> <div class=\"testimonial-container testimonial_type_1\">     <div class=\"testimonial-text\">Lorem ipsum dolor sit amet, consectetur adipiscing elit. Cras ornare massa at sollicitudin varius. Nam eget hendrerit dolor. Phasellus vestibulum mi sit amet orci fermentum vehicula.<\/div>     <div class=\"testimonial-image\" style=\"background-image:url(https:\/\/main.wprentals.org\/wp-content\/uploads\/2015\/04\/testimonial.jpg)\"><\/div>     <div class=\"testimonial-author-line\"><span class=\"testimonial-author\">Name Here<\/span> happy client <\/div> <\/div><\/div><\/div><\/div><div class=\"wpb_column vc_column_container vc_col-sm-6 vc_column\"><div class=\"vc_column-inner\"><div class=\"wpb_wrapper\"> <div class=\"testimonial-container testimonial_type_1\">     <div class=\"testimonial-text\">Lorem ipsum dolor sit amet, consectetur adipiscing elit. Cras ornare massa at sollicitudin varius. Nam eget hendrerit dolor. Phasellus vestibulum mi sit amet orci fermentum vehicula.<\/div>     <div class=\"testimonial-image\" style=\"background-image:url(https:\/\/main.wprentals.org\/wp-content\/uploads\/2015\/04\/testimonial.jpg)\"><\/div>     <div class=\"testimonial-author-line\"><span class=\"testimonial-author\">Name Here<\/span> happy client <\/div> <\/div><\/div><\/div><\/div><\/div><div class=\"vc_row wpb_row vc_row-fluid vc_custom_1526052400226 wpestate_row vc_row\"><div class=\"wpb_column vc_column_container vc_col-sm-12 vc_column\"><div class=\"vc_column-inner vc_custom_1435665261660\"><div class=\"wpb_wrapper\">\n\t<div class=\"wpb_text_column wpb_content_element  vc_custom_1526052532764 vc_column_text\" >\n\t\t<div class=\"wpb_wrapper\">\n\t\t\t<h2 style=\"text-align: center; font-size: 24px;\">Login &#8211; Register &#8211; Icon Content Box<\/h2>\n\n\t\t<\/div>\n\t<\/div>\n<\/div><\/div><\/div><\/div><div id=\"login_register_sh\" class=\"vc_row wpb_row vc_row-fluid vc_custom_1526052562108 wpestate_row vc_row\"><div class=\"wpb_column vc_column_container vc_col-sm-4 vc_column\"><div class=\"vc_column-inner\"><div class=\"wpb_wrapper\">\n        <div class=\"login_form shortcode-login\">\n                <div class=\"loginalert\" id=\"register_message_area_sh\" ><\/div>\n\n                <div class=\"loginrow\">\n                    <input type=\"text\" name=\"user_login_register\" id=\"user_login_register_sh\" class=\"form-control\" placeholder=\"Nutzername\" size=\"20\" \/>\n                <\/div>\n            <div class=\"loginrow\">\n                <input type=\"text\" name=\"user_email_register\" id=\"user_email_register_sh\" class=\"form-control\" placeholder=\"Email\" size=\"20\" \/>\n            <\/div>\n\n            <div class=\"loginrow password_holder\">\n                <input type=\"password\" name=\"user_password\" id=\"user_password_sh\" class=\"form-control\" placeholder=\"Passwort\" size=\"20\" \/>\n                <i class=\"far fa-eye-slash show_hide_password\"><\/i>\n            <\/div>\n            <div class=\"loginrow password_holder\">\n                <input type=\"password\" name=\"user_password_retype\" id=\"user_password_retype_sh\" class=\"form-control\" placeholder=\"Passwort wiederholen\" size=\"20\" \/>\n                <i class=\"far fa-eye-slash show_hide_password\"><\/i>\n            <\/div>\n        <input type=\"checkbox\" name=\"terms\" id=\"user_terms_register_sh_sh\">\n        <label id=\"user_terms_register_sh_label\" for=\"user_terms_register_sh\">Ich bin einverstanden<a href=\"https:\/\/kalkanvilla.de\/de\/terms-and-conditions\/\" target=\"_blank\" id=\"user_terms_register_topbar_link\">Allgemeine Gesch\u00e4ftsbedingungen<\/a> <\/label><button id=\"wp-submit-register_sh\"  style=\"margin-top:10px;\" class=\"wpb_button  wpb_btn-info  wpb_btn-small wpestate_vc_button  vc_button\">Ein Konto erstellen<\/button>\n        <input type=\"hidden\" id=\"security-register_sh\" name=\"security-register\" value=\"a25bd26816-1775806904\"><\/div><\/div><\/div><\/div><div class=\"wpb_column vc_column_container vc_col-sm-4 vc_column\"><div class=\"vc_column-inner\"><div class=\"wpb_wrapper\"><div class=\"login_form shortcode-login\" id=\"login-div\">\n        <div class=\"loginalert\" id=\"login_message_area_sh\" ><\/div>\n\n                <div class=\"loginrow\">\n                    <input type=\"text\" class=\"form-control\" name=\"log\" id=\"login_user_sh\" placeholder=\"Nutzername\" size=\"20\" \/>\n                <\/div>\n\n                <div class=\"loginrow password_holder\">\n                    <input type=\"password\" class=\"form-control\" name=\"pwd\" id=\"login_pwd_sh\"  placeholder=\"Passwort\" size=\"20\" \/>\n                    <i class=\"far fa-eye-slash show_hide_password\"><\/i>\n                <\/div>\n\n                <input type=\"hidden\" name=\"loginpop\" id=\"loginpop\" value=\"0\">\n                <input type=\"hidden\" id=\"security-login_sh\" name=\"security-login\" value=\"4a23c8e3d3-1775806904\">\n\n\n                <button id=\"wp-login-but_sh\" class=\"wpb_button  wpb_btn-info  wpb_btn-small   wpestate_vc_button  vc_button\">Login<\/button>\n                <div class=\"login-links shortlog\"><a href=\"http:\/\/demo1.wprentals.org\/\">Register Now!<\/a> | <a href=\"#\" id=\"forgot_pass\">Passwort vergessen?<\/a>\n                <\/div><div class=\"wpestate_social_login\" id=\"facebooklogin_sh\" data-social=\"facebook\"><i class=\"fab fa-facebook-f\"><\/i> Mit Facebook einloggen<\/div><div class=\"wpestate_social_login\"  id=\"googlelogin_sh\" data-social=\"google\"><i class=\"fab fa-google\"><\/i>Melde dich mit Google an<\/div><div class=\"wpestate_social_login\"  id=\"twitterlogin_sh\" data-social=\"twitter\"><i class=\"fab fa-twitter\"><\/i>Twitter Ameldung<\/div><input type=\"hidden\" class=\"wpestate_social_login_nonce\" value=\"94f73dedf4\">\n        <\/div>\n        <div class=\"login_form  shortcode-login\" id=\"forgot-pass-div\">\n            <div class=\"loginalert\" id=\"forgot_pass_area\"><\/div>\n            <div class=\"loginrow\">\n                    <input type=\"text\" class=\"form-control\" name=\"forgot_email\" id=\"forgot_email\" placeholder=\"Bib Dein eEmail Adresse ein\" size=\"20\" \/>\n            <\/div>\n            <input type=\"hidden\" id=\"security-forgot\" name=\"security-forgot\" value=\"2a0e25a370\" \/><input type=\"hidden\" name=\"_wp_http_referer\" value=\"\/de\/wp-json\/wp\/v2\/pages\/261\" \/>\n            <input type=\"hidden\" id=\"postid\" value=\"261\">\n            <button class=\"wpb_button  wpb_btn-info  wpb_btn-small   wpestate_vc_button  vc_button\" id=\"wp-forgot-but\" name=\"forgot\" >Passwort zur\u00fccksetzen<\/button>\n            <div class=\"login-links shortlog\">\n            <a href=\"#\" id=\"return_login\">Zur\u00fcck zum Login<\/a>\n            <\/div>\n        <\/div><\/div><\/div><\/div><div class=\"wpb_column vc_column_container vc_col-sm-4 vc_column\"><div class=\"vc_column-inner\"><div class=\"wpb_wrapper\"><div class=\"iconcol\"><div class=\"icon_img\"> <img src=\"https:\/\/main.wprentals.org\/wp-content\/uploads\/2015\/06\/icon-content-box-search.jpg\"  class=\"img-responsive\" alt=\"thumb\"><h3><a href=\"#\" >Title of the content box<\/a><\/h3><\/div><p>Lorem ipsum dolor sit amet, consectetur adipiscing elit. Cras ornare massa at sollicitudin varius. Nam eget hendrerit dolor. Phasellus vestibulum mi sit amet orci fermentum vehicula. Phasellus vestibulum mi sit amet orci fermentum vehicula.<\/p><\/div><\/div><\/div><\/div><\/div>","protected":false},"excerpt":{"rendered":"Featured Owners Advanced Search Alle Arten All TypesApartment (1)Bargain Villa (6)Honeymoon Villa (8)Luxury Villa (49)Villa For Conservatives (3)Villa Near The Sea (2) Alle Gr\u00f6\u00dfen All SizesApartment (1)Private Villa (68) Location irgendeinAntalyaKalkanKa\u015fPataragermanyturkey\u0130slamlar Guests Guests123456789101112131415 Bedroom Bedroom12345678910 Bathroom Bathroom12345678910 Testimonials Lorem ipsum dolor sit amet, consectetur adipiscing elit. Cras ornare massa at sollicitudin varius. Nam eget hendrerit ...","protected":false},"author":2,"featured_media":0,"parent":0,"menu_order":0,"comment_status":"open","ping_status":"open","template":"","meta":{"inline_featured_image":false,"footnotes":""},"acf":[],"_links":{"self":[{"href":"https:\/\/kalkanvilla.de\/de\/wp-json\/wp\/v2\/pages\/261"}],"collection":[{"href":"https:\/\/kalkanvilla.de\/de\/wp-json\/wp\/v2\/pages"}],"about":[{"href":"https:\/\/kalkanvilla.de\/de\/wp-json\/wp\/v2\/types\/page"}],"author":[{"embeddable":true,"href":"https:\/\/kalkanvilla.de\/de\/wp-json\/wp\/v2\/users\/2"}],"replies":[{"embeddable":true,"href":"https:\/\/kalkanvilla.de\/de\/wp-json\/wp\/v2\/comments?post=261"}],"version-history":[{"count":0,"href":"https:\/\/kalkanvilla.de\/de\/wp-json\/wp\/v2\/pages\/261\/revisions"}],"wp:attachment":[{"href":"https:\/\/kalkanvilla.de\/de\/wp-json\/wp\/v2\/media?parent=261"}],"curies":[{"name":"wp","href":"https:\/\/api.w.org\/{rel}","templated":true}]}}